{"id":339,"date":"2021-03-08T09:23:46","date_gmt":"2021-03-08T07:23:46","guid":{"rendered":"https:\/\/paralympiarahasto.fi\/home\/"},"modified":"2025-03-12T10:27:56","modified_gmt":"2025-03-12T08:27:56","slug":"home","status":"publish","type":"page","link":"https:\/\/www.paralympiarahasto.fi\/en\/","title":{"rendered":"Home"},"content":{"rendered":"<p>[et_pb_section fb_built=&#8221;1&#8243; module_class=&#8221;section-module-norm&#8221; _builder_version=&#8221;4.16&#8243; _module_preset=&#8221;default&#8221; background_color=&#8221;RGBA(0,0,0,0)&#8221; custom_margin=&#8221;||||false|false&#8221; custom_padding=&#8221;||||false|false&#8221; global_colors_info=&#8221;{}&#8221;][et_pb_row _builder_version=&#8221;4.16&#8243; _module_preset=&#8221;default&#8221; global_colors_info=&#8221;{}&#8221;][et_pb_column type=&#8221;4_4&#8243; _builder_version=&#8221;4.16&#8243; _module_preset=&#8221;default&#8221; global_colors_info=&#8221;{}&#8221;][et_pb_text admin_label=&#8221;Teksti&#8221; module_class=&#8221;text-blog-norm&#8221; _builder_version=&#8221;4.16&#8243; _module_preset=&#8221;default&#8221; global_colors_info=&#8221;{}&#8221;]<\/p>\n<h1 style=\"text-align: center;\">Paralympic Fund<\/h1>\n<p style=\"text-align: center;\">Paralympic Fund provides the foundation for promoting sports for persons with disabilities and special needs, and for promoting and developing equality in Finnish sport culture.<\/p>\n<p>[\/et_pb_text][et_pb_video_slider show_image_overlay=&#8221;on&#8221; _builder_version=&#8221;4.27.4&#8243; _module_preset=&#8221;default&#8221; custom_padding=&#8221;||||false|false&#8221; animation_direction=&#8221;bottom&#8221; hover_enabled=&#8221;0&#8243; global_colors_info=&#8221;{}&#8221; sticky_enabled=&#8221;0&#8243;][et_pb_video_slider_item src_webm=&#8221;https:\/\/www.paralympiarahasto.fi\/wp-content\/uploads\/2022\/12\/rahasto_toyota.webm&#8221; image_src=&#8221;https:\/\/www.paralympiarahasto.fi\/wp-content\/uploads\/2025\/01\/paralympiarahasto-video-pikkukuva.png&#8221; _builder_version=&#8221;4.27.4&#8243; _module_preset=&#8221;default&#8221; global_colors_info=&#8221;{}&#8221; show_image_overlay=&#8221;on&#8221;][\/et_pb_video_slider_item][et_pb_video_slider_item admin_title=&#8221;Paralympiarahasto&#8221; src=&#8221;https:\/\/paralympiarahasto.fi\/wp-content\/uploads\/2021\/03\/paralympia.mp4&#8243; src_webm=&#8221;https:\/\/paralympiarahasto.fi\/wp-content\/uploads\/2021\/03\/paralympia.webm&#8221; image_src=&#8221;https:\/\/paralympiarahasto.fi\/wp-content\/uploads\/2021\/03\/Paralympiarahasto-video-1-placeholder-1024&#215;574.jpg&#8221; _builder_version=&#8221;4.9.2&#8243; _module_preset=&#8221;default&#8221; global_colors_info=&#8221;{}&#8221; show_image_overlay=&#8221;on&#8221;][\/et_pb_video_slider_item][et_pb_video_slider_item admin_title=&#8221;Samassa jengissa&#8221; src=&#8221;https:\/\/paralympiarahasto.fi\/wp-content\/uploads\/2021\/03\/samassajengissa.mp4&#8243; src_webm=&#8221;https:\/\/paralympiarahasto.fi\/wp-content\/uploads\/2021\/03\/samassajengissa.webm&#8221; image_src=&#8221;https:\/\/paralympiarahasto.fi\/wp-content\/uploads\/2021\/03\/Paralympiarahasto-video-2-placeholder-1024&#215;574.jpg&#8221; _builder_version=&#8221;4.9.2&#8243; _module_preset=&#8221;default&#8221; global_colors_info=&#8221;{}&#8221; show_image_overlay=&#8221;on&#8221;][\/et_pb_video_slider_item][et_pb_video_slider_item admin_title=&#8221;Valtti&#8221; src=&#8221;https:\/\/paralympiarahasto.fi\/wp-content\/uploads\/2021\/03\/valtti.mp4&#8243; src_webm=&#8221;https:\/\/paralympiarahasto.fi\/wp-content\/uploads\/2021\/03\/valtti.webm&#8221; image_src=&#8221;https:\/\/paralympiarahasto.fi\/wp-content\/uploads\/2021\/03\/Paralympiarahasto-video-3-placeholder-1024&#215;574.jpg&#8221; _builder_version=&#8221;4.9.2&#8243; _module_preset=&#8221;default&#8221; global_colors_info=&#8221;{}&#8221; show_image_overlay=&#8221;on&#8221;][\/et_pb_video_slider_item][et_pb_video_slider_item admin_title=&#8221;Piispanen&#8221; src=&#8221;https:\/\/paralympiarahasto.fi\/wp-content\/uploads\/2021\/03\/Tomi_Piispanen_paralympiarahasto.mp4&#8243; src_webm=&#8221;https:\/\/paralympiarahasto.fi\/wp-content\/uploads\/2021\/03\/Tomi_Piispanen_paralympiarahasto.webm&#8221; image_src=&#8221;https:\/\/paralympiarahasto.fi\/wp-content\/uploads\/2021\/03\/Paralympiarahasto-video-4-placeholder-1024&#215;574.jpg&#8221; _builder_version=&#8221;4.9.2&#8243; _module_preset=&#8221;default&#8221; global_colors_info=&#8221;{}&#8221; show_image_overlay=&#8221;on&#8221;][\/et_pb_video_slider_item][\/et_pb_video_slider][\/et_pb_column][\/et_pb_row][\/et_pb_section][et_pb_section fb_built=&#8221;1&#8243; module_class=&#8221;section-module-norm section-module-norm-height section-module-norm-mobile-min&#8221; _builder_version=&#8221;4.16&#8243; _module_preset=&#8221;default&#8221; background_color=&#8221;RGBA(0,0,0,0)&#8221; background_image=&#8221;https:\/\/paralympiarahasto.fi\/wp-content\/uploads\/2021\/03\/Paralympiarahasto-home-img-2.jpg&#8221; background_position=&#8221;top_center&#8221; custom_margin=&#8221;||||false|false&#8221; custom_padding=&#8221;||||false|false&#8221; global_colors_info=&#8221;{}&#8221;][et_pb_row _builder_version=&#8221;4.16&#8243; _module_preset=&#8221;default&#8221; global_colors_info=&#8221;{}&#8221;][et_pb_column type=&#8221;4_4&#8243; _builder_version=&#8221;4.16&#8243; _module_preset=&#8221;default&#8221; global_colors_info=&#8221;{}&#8221;][et_pb_text module_class=&#8221;text-blog-norm&#8221; _builder_version=&#8221;4.16&#8243; _module_preset=&#8221;default&#8221; custom_padding=&#8221;||||false|false&#8221; global_colors_info=&#8221;{}&#8221;]<\/p>\n<h2 style=\"text-align: center;\">Donate to parasport<\/h2>\n<p style=\"text-align: center;\">The new Paralympic Fund is a magnificent opportunity to support and benefit the disability and parasport community. The beneficiaries of the fund are persons with disabilities and special needs and the donations benefit the disability and parasport family widely from grass-roots and active lifestyle to elite sport. Paralympic Fund is a long-term fund that will accumulate over time and provide means to enable support and development of equal disability and parasport culture.<\/p>\n<p>[\/et_pb_text][et_pb_button button_url=&#8221;https:\/\/www.paralympiarahasto.fi\/en\/donation\/&#8221; button_text=&#8221;Donate now&#8221; button_alignment=&#8221;center&#8221; admin_label=&#8221;Painike&#8221; module_class=&#8221;donate-button-basic&#8221; _builder_version=&#8221;4.24.3&#8243; _module_preset=&#8221;default&#8221; custom_button=&#8221;on&#8221; button_border_radius=&#8221;100px&#8221; button_use_icon=&#8221;off&#8221; global_colors_info=&#8221;{}&#8221;][\/et_pb_button][\/et_pb_column][\/et_pb_row][\/et_pb_section][et_pb_section fb_built=&#8221;1&#8243; module_class=&#8221;section-module-norm&#8221; _builder_version=&#8221;4.16&#8243; _module_preset=&#8221;default&#8221; background_color=&#8221;RGBA(0,0,0,0)&#8221; custom_margin=&#8221;||||false|false&#8221; custom_padding=&#8221;||||false|false&#8221; global_colors_info=&#8221;{}&#8221;][et_pb_row use_custom_gutter=&#8221;on&#8221; gutter_width=&#8221;2&#8243; _builder_version=&#8221;4.16&#8243; _module_preset=&#8221;default&#8221; global_colors_info=&#8221;{}&#8221;][et_pb_column type=&#8221;4_4&#8243; _builder_version=&#8221;4.16&#8243; _module_preset=&#8221;default&#8221; global_colors_info=&#8221;{}&#8221;][et_pb_text module_class=&#8221;text-blog-norm text-blog-norm-no-bottom&#8221; _builder_version=&#8221;4.16&#8243; _module_preset=&#8221;default&#8221; custom_padding=&#8221;||||false|false&#8221; global_colors_info=&#8221;{}&#8221;]<\/p>\n<h2 style=\"text-align: center;\">News<\/h2>\n<p>[\/et_pb_text][et_pb_blog fullwidth=&#8221;off&#8221; posts_number=&#8221;3&#8243; include_categories=&#8221;all&#8221; meta_date=&#8221;j.m.Y&#8221; excerpt_length=&#8221;150&#8243; show_more=&#8221;on&#8221; show_author=&#8221;off&#8221; show_categories=&#8221;off&#8221; masonry_tile_background_color=&#8221;RGBA(0,0,0,0)&#8221; module_class=&#8221;blog-grid-home&#8221; _builder_version=&#8221;4.16&#8243; _module_preset=&#8221;default&#8221; background_color=&#8221;RGBA(0,0,0,0)&#8221; child_filter_saturate=&#8221;60%&#8221; global_colors_info=&#8221;{}&#8221;][\/et_pb_blog][\/et_pb_column][\/et_pb_row][\/et_pb_section][et_pb_section fb_built=&#8221;1&#8243; module_class=&#8221;section-module-norm&#8221; _builder_version=&#8221;4.16&#8243; _module_preset=&#8221;default&#8221; background_color=&#8221;RGBA(0,0,0,0)&#8221; background_image=&#8221;https:\/\/paralympiarahasto.fi\/wp-content\/uploads\/2021\/03\/Paralympiarahasto-home-img-3.jpg&#8221; background_position=&#8221;top_center&#8221; custom_margin=&#8221;||||false|false&#8221; custom_padding=&#8221;||||false|false&#8221; global_colors_info=&#8221;{}&#8221;][et_pb_row column_structure=&#8221;1_2,1_2&#8243; use_custom_gutter=&#8221;on&#8221; gutter_width=&#8221;3&#8243; make_equal=&#8221;on&#8221; module_class=&#8221;center-y&#8221; _builder_version=&#8221;4.16&#8243; _module_preset=&#8221;default&#8221; global_colors_info=&#8221;{}&#8221;][et_pb_column type=&#8221;1_2&#8243; _builder_version=&#8221;4.16&#8243; _module_preset=&#8221;default&#8221; global_colors_info=&#8221;{}&#8221;][et_pb_text module_class=&#8221;text-blog-norm text-hor-center&#8221; _builder_version=&#8221;4.16&#8243; _module_preset=&#8221;default&#8221; custom_padding=&#8221;||||false|false&#8221; global_colors_info=&#8221;{}&#8221;]<\/p>\n<h2 style=\"text-align: left;\">Support parasport<\/h2>\n<p style=\"text-align: left;\">The Paralympic Fund founded in 2021 by the Finnish Paralympic Committee is a new way to support Finnish Parasport Family. The Paralympic Fund lives under Suomen Urheilun Tukis\u00e4\u00e4ti\u00f6 similarly as the Olympic Fund. Donating to the Paralympic Fund will direct your support to specifically benefit the Parasport culture and the persons with disabilities and special needs in their endeavor to excel in sports.<\/p>\n<p>[\/et_pb_text][\/et_pb_column][et_pb_column type=&#8221;1_2&#8243; _builder_version=&#8221;4.16&#8243; _module_preset=&#8221;default&#8221; global_colors_info=&#8221;{}&#8221;][et_pb_image src=&#8221;https:\/\/paralympiarahasto.fi\/wp-content\/uploads\/2021\/03\/Paralympiarahasto-home-img-1-v3.png&#8221; alt=&#8221;Paralympic Fund home page Amanda Kotaja&#8221; title_text=&#8221;Home page Amanda Kotaja&#8221; align=&#8221;center&#8221; module_class=&#8221;image-hor-center&#8221; _builder_version=&#8221;4.16&#8243; _module_preset=&#8221;default&#8221; animation_style=&#8221;slide&#8221; animation_direction=&#8221;right&#8221; global_colors_info=&#8221;{}&#8221;][\/et_pb_image][\/et_pb_column][\/et_pb_row][\/et_pb_section]<\/p>\n","protected":false},"excerpt":{"rendered":"<p>Paralympic Fund Paralympic Fund provides the foundation for promoting sports for persons with disabilities and special needs, and for promoting and developing equality in Finnish sport culture.Donate to parasport The new Paralympic Fund is a magnificent opportunity to support and benefit the disability and parasport community. The beneficiaries of the fund are persons with disabilities [&hellip;]<\/p>\n","protected":false},"author":1,"featured_media":0,"parent":0,"menu_order":0,"comment_status":"closed","ping_status":"closed","template":"","meta":{"_et_pb_use_builder":"on","_et_pb_old_content":"","_et_gb_content_width":"","inline_featured_image":false,"footnotes":""},"class_list":["post-339","page","type-page","status-publish","hentry"],"yoast_head":"<!-- This site is optimized with the Yoast SEO plugin v27.5 - https:\/\/yoast.com\/product\/yoast-seo-wordpress\/ -->\n<title>Focus your donation on parasports - Paralympic Fund<\/title>\n<meta name=\"description\" content=\"The new Paralympic Fund is a magnificent opportunity to support and benefit the disability and parasport community.\" \/>\n<meta name=\"robots\" content=\"index, follow, max-snippet:-1, max-image-preview:large, max-video-preview:-1\" \/>\n<link rel=\"canonical\" href=\"https:\/\/www.paralympiarahasto.fi\/en\/home\/\" \/>\n<meta property=\"og:locale\" content=\"en_US\" \/>\n<meta property=\"og:type\" content=\"article\" \/>\n<meta property=\"og:title\" content=\"Focus your donation on parasports - Paralympic Fund\" \/>\n<meta property=\"og:description\" content=\"The new Paralympic Fund is a magnificent opportunity to support and benefit the disability and parasport community.\" \/>\n<meta property=\"og:url\" content=\"https:\/\/www.paralympiarahasto.fi\/en\/home\/\" \/>\n<meta property=\"og:site_name\" content=\"Paralympiarahasto\" \/>\n<meta property=\"article:publisher\" content=\"https:\/\/www.facebook.com\/paralympiakomitea\" \/>\n<meta property=\"article:modified_time\" content=\"2025-03-12T08:27:56+00:00\" \/>\n<meta property=\"og:image\" content=\"https:\/\/wp.tremedia.fi\/wp-content\/uploads\/2021\/03\/Paralympiarahasto-og-img.jpg\" \/>\n<meta name=\"twitter:card\" content=\"summary_large_image\" \/>\n<meta name=\"twitter:title\" content=\"Focus your donation on parasports - Paralympic Fund\" \/>\n<meta name=\"twitter:description\" content=\"The new Paralympic Fund is a magnificent opportunity to support and benefit the disability and parasport community.\" \/>\n<meta name=\"twitter:image\" content=\"https:\/\/wp.tremedia.fi\/wp-content\/uploads\/2021\/03\/Paralympiarahasto-og-img.jpg\" \/>\n<meta name=\"twitter:site\" content=\"@finnparalympic\" \/>\n<meta name=\"twitter:label1\" content=\"Est. reading time\" \/>\n\t<meta name=\"twitter:data1\" content=\"5 minutes\" \/>\n<script type=\"application\/ld+json\" class=\"yoast-schema-graph\">{\"@context\":\"https:\\\/\\\/schema.org\",\"@graph\":[{\"@type\":\"WebPage\",\"@id\":\"https:\\\/\\\/www.paralympiarahasto.fi\\\/en\\\/home\\\/\",\"url\":\"https:\\\/\\\/www.paralympiarahasto.fi\\\/en\\\/home\\\/\",\"name\":\"Focus your donation on parasports - Paralympic Fund\",\"isPartOf\":{\"@id\":\"https:\\\/\\\/www.paralympiarahasto.fi\\\/#website\"},\"datePublished\":\"2021-03-08T07:23:46+00:00\",\"dateModified\":\"2025-03-12T08:27:56+00:00\",\"description\":\"The new Paralympic Fund is a magnificent opportunity to support and benefit the disability and parasport community.\",\"breadcrumb\":{\"@id\":\"https:\\\/\\\/www.paralympiarahasto.fi\\\/en\\\/home\\\/#breadcrumb\"},\"inLanguage\":\"en-US\",\"potentialAction\":[{\"@type\":\"ReadAction\",\"target\":[\"https:\\\/\\\/www.paralympiarahasto.fi\\\/en\\\/home\\\/\"]}]},{\"@type\":\"BreadcrumbList\",\"@id\":\"https:\\\/\\\/www.paralympiarahasto.fi\\\/en\\\/home\\\/#breadcrumb\",\"itemListElement\":[{\"@type\":\"ListItem\",\"position\":1,\"name\":\"Home\",\"item\":\"https:\\\/\\\/www.paralympiarahasto.fi\\\/en\\\/home\\\/\"},{\"@type\":\"ListItem\",\"position\":2,\"name\":\"Home\"}]},{\"@type\":\"WebSite\",\"@id\":\"https:\\\/\\\/www.paralympiarahasto.fi\\\/#website\",\"url\":\"https:\\\/\\\/www.paralympiarahasto.fi\\\/\",\"name\":\"Paralympiarahasto\",\"description\":\"Ole mukana muutoksen tekij&auml;n&auml;!\",\"publisher\":{\"@id\":\"https:\\\/\\\/www.paralympiarahasto.fi\\\/#organization\"},\"potentialAction\":[{\"@type\":\"SearchAction\",\"target\":{\"@type\":\"EntryPoint\",\"urlTemplate\":\"https:\\\/\\\/www.paralympiarahasto.fi\\\/?s={search_term_string}\"},\"query-input\":{\"@type\":\"PropertyValueSpecification\",\"valueRequired\":true,\"valueName\":\"search_term_string\"}}],\"inLanguage\":\"en-US\"},{\"@type\":\"Organization\",\"@id\":\"https:\\\/\\\/www.paralympiarahasto.fi\\\/#organization\",\"name\":\"Suomen Paralympiakomitea ry\",\"url\":\"https:\\\/\\\/www.paralympiarahasto.fi\\\/\",\"logo\":{\"@type\":\"ImageObject\",\"inLanguage\":\"en-US\",\"@id\":\"https:\\\/\\\/www.paralympiarahasto.fi\\\/#\\\/schema\\\/logo\\\/image\\\/\",\"url\":\"http:\\\/\\\/paralympiarahasto.fi\\\/wp-content\\\/uploads\\\/2021\\\/08\\\/xsuomen_paralympiakomitea_logo_cmyk_levea-1.png.pagespeed.ic_.aIEbAzOAwG.webp\",\"contentUrl\":\"http:\\\/\\\/paralympiarahasto.fi\\\/wp-content\\\/uploads\\\/2021\\\/08\\\/xsuomen_paralympiakomitea_logo_cmyk_levea-1.png.pagespeed.ic_.aIEbAzOAwG.webp\",\"width\":2000,\"height\":1000,\"caption\":\"Suomen Paralympiakomitea ry\"},\"image\":{\"@id\":\"https:\\\/\\\/www.paralympiarahasto.fi\\\/#\\\/schema\\\/logo\\\/image\\\/\"},\"sameAs\":[\"https:\\\/\\\/www.facebook.com\\\/paralympiakomitea\",\"https:\\\/\\\/x.com\\\/finnparalympic\",\"https:\\\/\\\/www.instagram.com\\\/finnparalympic\\\/\"]}]}<\/script>\n<!-- \/ Yoast SEO plugin. -->","yoast_head_json":{"title":"Focus your donation on parasports - Paralympic Fund","description":"The new Paralympic Fund is a magnificent opportunity to support and benefit the disability and parasport community.","robots":{"index":"index","follow":"follow","max-snippet":"max-snippet:-1","max-image-preview":"max-image-preview:large","max-video-preview":"max-video-preview:-1"},"canonical":"https:\/\/www.paralympiarahasto.fi\/en\/home\/","og_locale":"en_US","og_type":"article","og_title":"Focus your donation on parasports - Paralympic Fund","og_description":"The new Paralympic Fund is a magnificent opportunity to support and benefit the disability and parasport community.","og_url":"https:\/\/www.paralympiarahasto.fi\/en\/home\/","og_site_name":"Paralympiarahasto","article_publisher":"https:\/\/www.facebook.com\/paralympiakomitea","article_modified_time":"2025-03-12T08:27:56+00:00","og_image":[{"url":"https:\/\/wp.tremedia.fi\/wp-content\/uploads\/2021\/03\/Paralympiarahasto-og-img.jpg","type":"","width":"","height":""}],"twitter_card":"summary_large_image","twitter_title":"Focus your donation on parasports - Paralympic Fund","twitter_description":"The new Paralympic Fund is a magnificent opportunity to support and benefit the disability and parasport community.","twitter_image":"https:\/\/wp.tremedia.fi\/wp-content\/uploads\/2021\/03\/Paralympiarahasto-og-img.jpg","twitter_site":"@finnparalympic","twitter_misc":{"Est. reading time":"5 minutes"},"schema":{"@context":"https:\/\/schema.org","@graph":[{"@type":"WebPage","@id":"https:\/\/www.paralympiarahasto.fi\/en\/home\/","url":"https:\/\/www.paralympiarahasto.fi\/en\/home\/","name":"Focus your donation on parasports - Paralympic Fund","isPartOf":{"@id":"https:\/\/www.paralympiarahasto.fi\/#website"},"datePublished":"2021-03-08T07:23:46+00:00","dateModified":"2025-03-12T08:27:56+00:00","description":"The new Paralympic Fund is a magnificent opportunity to support and benefit the disability and parasport community.","breadcrumb":{"@id":"https:\/\/www.paralympiarahasto.fi\/en\/home\/#breadcrumb"},"inLanguage":"en-US","potentialAction":[{"@type":"ReadAction","target":["https:\/\/www.paralympiarahasto.fi\/en\/home\/"]}]},{"@type":"BreadcrumbList","@id":"https:\/\/www.paralympiarahasto.fi\/en\/home\/#breadcrumb","itemListElement":[{"@type":"ListItem","position":1,"name":"Home","item":"https:\/\/www.paralympiarahasto.fi\/en\/home\/"},{"@type":"ListItem","position":2,"name":"Home"}]},{"@type":"WebSite","@id":"https:\/\/www.paralympiarahasto.fi\/#website","url":"https:\/\/www.paralympiarahasto.fi\/","name":"Paralympiarahasto","description":"Ole mukana muutoksen tekij&auml;n&auml;!","publisher":{"@id":"https:\/\/www.paralympiarahasto.fi\/#organization"},"potentialAction":[{"@type":"SearchAction","target":{"@type":"EntryPoint","urlTemplate":"https:\/\/www.paralympiarahasto.fi\/?s={search_term_string}"},"query-input":{"@type":"PropertyValueSpecification","valueRequired":true,"valueName":"search_term_string"}}],"inLanguage":"en-US"},{"@type":"Organization","@id":"https:\/\/www.paralympiarahasto.fi\/#organization","name":"Suomen Paralympiakomitea ry","url":"https:\/\/www.paralympiarahasto.fi\/","logo":{"@type":"ImageObject","inLanguage":"en-US","@id":"https:\/\/www.paralympiarahasto.fi\/#\/schema\/logo\/image\/","url":"http:\/\/paralympiarahasto.fi\/wp-content\/uploads\/2021\/08\/xsuomen_paralympiakomitea_logo_cmyk_levea-1.png.pagespeed.ic_.aIEbAzOAwG.webp","contentUrl":"http:\/\/paralympiarahasto.fi\/wp-content\/uploads\/2021\/08\/xsuomen_paralympiakomitea_logo_cmyk_levea-1.png.pagespeed.ic_.aIEbAzOAwG.webp","width":2000,"height":1000,"caption":"Suomen Paralympiakomitea ry"},"image":{"@id":"https:\/\/www.paralympiarahasto.fi\/#\/schema\/logo\/image\/"},"sameAs":["https:\/\/www.facebook.com\/paralympiakomitea","https:\/\/x.com\/finnparalympic","https:\/\/www.instagram.com\/finnparalympic\/"]}]}},"_links":{"self":[{"href":"https:\/\/www.paralympiarahasto.fi\/en\/wp-json\/wp\/v2\/pages\/339","targetHints":{"allow":["GET"]}}],"collection":[{"href":"https:\/\/www.paralympiarahasto.fi\/en\/wp-json\/wp\/v2\/pages"}],"about":[{"href":"https:\/\/www.paralympiarahasto.fi\/en\/wp-json\/wp\/v2\/types\/page"}],"author":[{"embeddable":true,"href":"https:\/\/www.paralympiarahasto.fi\/en\/wp-json\/wp\/v2\/users\/1"}],"replies":[{"embeddable":true,"href":"https:\/\/www.paralympiarahasto.fi\/en\/wp-json\/wp\/v2\/comments?post=339"}],"version-history":[{"count":25,"href":"https:\/\/www.paralympiarahasto.fi\/en\/wp-json\/wp\/v2\/pages\/339\/revisions"}],"predecessor-version":[{"id":2283,"href":"https:\/\/www.paralympiarahasto.fi\/en\/wp-json\/wp\/v2\/pages\/339\/revisions\/2283"}],"wp:attachment":[{"href":"https:\/\/www.paralympiarahasto.fi\/en\/wp-json\/wp\/v2\/media?parent=339"}],"curies":[{"name":"wp","href":"https:\/\/api.w.org\/{rel}","templated":true}]}}